{"id":16123,"date":"2018-10-11T15:57:04","date_gmt":"2018-10-11T13:57:04","guid":{"rendered":"http:\/\/imprimerie.arcenciel04.fr\/?page_id=16123"},"modified":"2024-09-18T17:09:35","modified_gmt":"2024-09-18T15:09:35","slug":"politique-de-confidentialite-2","status":"publish","type":"page","link":"https:\/\/imprimerie.arcenciel04.fr\/?page_id=16123","title":{"rendered":"Politique de confidentialit\u00e9"},"content":{"rendered":"<div class=\"wpb-content-wrapper\"><p>[vc_row css_animation=\u00a0\u00bb\u00a0\u00bb row_type=\u00a0\u00bbrow\u00a0\u00bb use_row_as_full_screen_section=\u00a0\u00bbno\u00a0\u00bb type=\u00a0\u00bbfull_width\u00a0\u00bb angled_section=\u00a0\u00bbno\u00a0\u00bb text_align=\u00a0\u00bbleft\u00a0\u00bb background_image_as_pattern=\u00a0\u00bbwithout_pattern\u00a0\u00bb][vc_column][vc_column_text]<\/p>\n<h2><span style=\"color: #4b877a;\">Qui sommes-nous\u00a0?<\/span><\/h2>\n<p>L\u2019adresse de notre site internet est : <strong>www.arcenciel04.fr<\/strong><\/p>\n<p>&nbsp;<\/p>\n<h2><span style=\"color: #4b877a;\">Mentions l\u00e9gales<\/span><\/h2>\n<p><strong>Directeur de publication<\/strong> : Laurent Quaglino<\/p>\n<p><strong>Textes et photos<\/strong> : tous droits r\u00e9serv\u00e9s<\/p>\n<p><strong>Conception et gestion de l&rsquo;h\u00e9bergement<\/strong> \u00a9 2017 Agence <a href=\"http:\/\/www.akodami.com\" target=\"_blank\" rel=\"noopener noreferrer\">AKODAMI<\/a><\/p>\n<p>&nbsp;<\/p>\n<h2><span style=\"color: #4b877a;\">Utilisation des donn\u00e9es personnelles collect\u00e9es<\/span><\/h2>\n<h3>Formulaires de contact<\/h3>\n<p>Les soumissions sont trait\u00e9es uniquement par le personnel de l&rsquo;imprimerie. Elles peuvent \u00eatre conserv\u00e9es ind\u00e9finiment suivant la n\u00e9cessit\u00e9 et la pertinence de la correspondance.<\/p>\n<p>&nbsp;<\/p>\n<h3>Statistiques et mesures d\u2019audience<\/h3>\n<p>Des donn\u00e9es anonymes peuvent \u00eatre enregistr\u00e9es lors de votre visite afin de d\u00e9terminer des statistique de fr\u00e9quentation du site.<\/p>\n<p>&nbsp;<\/p>\n<h2><span style=\"color: #4b877a;\">Utilisation et transmission de vos donn\u00e9es personnelles<\/span><\/h2>\n<p>Les donn\u00e9es recueillies ne sont pas vendues ou transmises \u00e0 des tiers.<\/p>\n<p>&nbsp;<\/p>\n<h2><span style=\"color: #4b877a;\">Les droits que vous avez sur vos donn\u00e9es<\/span><\/h2>\n<p>Vous pouvez demander la suppression des donn\u00e9es personnelles vous concernant via le <a href=\"http:\/\/imprimerie.arcenciel04.fr\/#contact\">formulaire de contact.<\/a> Cela ne prend pas en compte les donn\u00e9es stock\u00e9es \u00e0 des fins administratives, l\u00e9gales ou pour des raisons de s\u00e9curit\u00e9.<\/p>\n<p>&nbsp;<\/p>\n<h2><span style=\"color: #4b877a;\">Cookies<\/span><\/h2>\n<p>Ce site utilise le minimum de cookies n\u00e9cessaire \u00e0 son bon fonctionnement et \u00e0 des fins statistiques globalis\u00e9es et non-individualis\u00e9es. En naviguant sur ce site, vous acceptez l\u2019utilisation de ces cookies.<\/p>\n<p>&nbsp;<\/p>\n<p>&nbsp;<\/p>\n<h2><span style=\"color: #4b877a;\">Informations de contact<\/span><\/h2>\n<p>Vous trouverez nos coordonn\u00e9es <a href=\"http:\/\/imprimerie.arcenciel04.fr\/#contact\">ici. <\/a>[\/vc_column_text][\/vc_column][\/vc_row][vc_row css_animation=\u00a0\u00bb\u00a0\u00bb row_type=\u00a0\u00bbrow\u00a0\u00bb use_row_as_full_screen_section=\u00a0\u00bbno\u00a0\u00bb type=\u00a0\u00bbfull_width\u00a0\u00bb angled_section=\u00a0\u00bbno\u00a0\u00bb text_align=\u00a0\u00bbleft\u00a0\u00bb background_image_as_pattern=\u00a0\u00bbwithout_pattern\u00a0\u00bb][vc_column][vc_empty_space]<div class='q_icon_with_title medium circle center '><div class=\"icon_holder \" style=\" \"><a itemprop=\"url\" href=\"http:\/\/imprimerie.arcenciel04.fr\" target=\"\" class=\"q_icon_link\"><span data-icon-type=\"circle\" data-icon-hover-color=\"#ffffff\" data-icon-hover-bg-color=\"#4b877a\" class=\"qode_iwt_icon_holder fa-stack fa-3x  \" style=\"\"><i class=\"qode_icon_font_awesome fa fa-home qode_iwt_icon_element\" style=\"\" ><\/i><\/span><\/a><\/div><div class=\"icon_text_holder\" style=\"\"><div class=\"icon_text_inner\" style=\"\"><h5 class=\"icon_title\" style=\"\"><\/h5><p style=''><\/p><a itemprop='url' class='icon_with_title_link' href='http:\/\/imprimerie.arcenciel04.fr' target='_self' style=''>Retour \u00e0 l'accueil<\/a><\/div><\/div><\/div>[vc_empty_space][\/vc_column][\/vc_row]<\/p>\n<\/div>","protected":false},"excerpt":{"rendered":"<p>[vc_row css_animation=\u00a0\u00bb\u00a0\u00bb row_type=\u00a0\u00bbrow\u00a0\u00bb use_row_as_full_screen_section=\u00a0\u00bbno\u00a0\u00bb type=\u00a0\u00bbfull_width\u00a0\u00bb angled_section=\u00a0\u00bbno\u00a0\u00bb text_align=\u00a0\u00bbleft\u00a0\u00bb background_image_as_pattern=\u00a0\u00bbwithout_pattern\u00a0\u00bb][vc_column][vc_column_text] Qui sommes-nous\u00a0? L\u2019adresse de notre site internet est : www.arcenciel04.fr &nbsp; Mentions l\u00e9gales Directeur de publication : Laurent Quaglino Textes et photos : tous droits r\u00e9serv\u00e9s Conception et gestion de l&rsquo;h\u00e9bergement \u00a9 2017 Agence AKODAMI &nbsp; Utilisation&#8230;<\/p>\n","protected":false},"author":1,"featured_media":0,"parent":0,"menu_order":0,"comment_status":"closed","ping_status":"closed","template":"","meta":{"footnotes":""},"_links":{"self":[{"href":"https:\/\/imprimerie.arcenciel04.fr\/index.php?rest_route=\/wp\/v2\/pages\/16123"}],"collection":[{"href":"https:\/\/imprimerie.arcenciel04.fr\/index.php?rest_route=\/wp\/v2\/pages"}],"about":[{"href":"https:\/\/imprimerie.arcenciel04.fr\/index.php?rest_route=\/wp\/v2\/types\/page"}],"author":[{"embeddable":true,"href":"https:\/\/imprimerie.arcenciel04.fr\/index.php?rest_route=\/wp\/v2\/users\/1"}],"replies":[{"embeddable":true,"href":"https:\/\/imprimerie.arcenciel04.fr\/index.php?rest_route=%2Fwp%2Fv2%2Fcomments&post=16123"}],"version-history":[{"count":15,"href":"https:\/\/imprimerie.arcenciel04.fr\/index.php?rest_route=\/wp\/v2\/pages\/16123\/revisions"}],"predecessor-version":[{"id":16395,"href":"https:\/\/imprimerie.arcenciel04.fr\/index.php?rest_route=\/wp\/v2\/pages\/16123\/revisions\/16395"}],"wp:attachment":[{"href":"https:\/\/imprimerie.arcenciel04.fr\/index.php?rest_route=%2Fwp%2Fv2%2Fmedia&parent=16123"}],"curies":[{"name":"wp","href":"https:\/\/api.w.org\/{rel}","templated":true}]}}